{"id":109,"date":"2018-01-09T05:47:45","date_gmt":"2018-01-09T05:47:45","guid":{"rendered":"https:\/\/demo.axlethemes.com\/education-mind-pro\/?page_id=109"},"modified":"2018-10-22T11:07:57","modified_gmt":"2018-10-22T13:07:57","slug":"transportation-facilities","status":"publish","type":"page","link":"https:\/\/centroeducaexitus.com.br\/?page_id=109","title":{"rendered":"Estrutura Organizacional"},"content":{"rendered":"<p>I- Diretoria Geral<br \/>\nII- Secretaria<br \/>\nIII- Coordena\u00e7\u00e3o Pedag\u00f3gica<\/p>\n","protected":false},"excerpt":{"rendered":"<p>I- Diretoria Geral II- Secretaria III- Coordena\u00e7\u00e3o Pedag\u00f3gica<\/p>\n","protected":false},"author":1,"featured_media":0,"parent":0,"menu_order":0,"comment_status":"closed","ping_status":"closed","template":"","meta":{"footnotes":""},"_links":{"self":[{"href":"https:\/\/centroeducaexitus.com.br\/index.php?rest_route=\/wp\/v2\/pages\/109"}],"collection":[{"href":"https:\/\/centroeducaexitus.com.br\/index.php?rest_route=\/wp\/v2\/pages"}],"about":[{"href":"https:\/\/centroeducaexitus.com.br\/index.php?rest_route=\/wp\/v2\/types\/page"}],"author":[{"embeddable":true,"href":"https:\/\/centroeducaexitus.com.br\/index.php?rest_route=\/wp\/v2\/users\/1"}],"replies":[{"embeddable":true,"href":"https:\/\/centroeducaexitus.com.br\/index.php?rest_route=%2Fwp%2Fv2%2Fcomments&post=109"}],"version-history":[{"count":2,"href":"https:\/\/centroeducaexitus.com.br\/index.php?rest_route=\/wp\/v2\/pages\/109\/revisions"}],"predecessor-version":[{"id":362,"href":"https:\/\/centroeducaexitus.com.br\/index.php?rest_route=\/wp\/v2\/pages\/109\/revisions\/362"}],"wp:attachment":[{"href":"https:\/\/centroeducaexitus.com.br\/index.php?rest_route=%2Fwp%2Fv2%2Fmedia&parent=109"}],"curies":[{"name":"wp","href":"https:\/\/api.w.org\/{rel}","templated":true}]}}