{"id":116,"date":"2018-01-09T05:51:20","date_gmt":"2018-01-09T05:51:20","guid":{"rendered":"https:\/\/demo.axlethemes.com\/education-mind-pro\/?page_id=116"},"modified":"2018-10-22T11:05:26","modified_gmt":"2018-10-22T13:05:26","slug":"library-facilities","status":"publish","type":"page","link":"https:\/\/centroeducaexitus.com.br\/?page_id=116","title":{"rendered":"Atos e portarias"},"content":{"rendered":"<p>O Conselho Estadual de Educa\u00e7\u00e3o do Maranh\u00e3o no uso das suas Atribui\u00e7\u00f5es Legais, e considerando o parecer  n.77\/2015- CEE.<\/p>\n","protected":false},"excerpt":{"rendered":"<p>O Conselho Estadual de Educa\u00e7\u00e3o do Maranh\u00e3o no uso das suas Atribui\u00e7\u00f5es Legais, e considerando o parecer n.77\/2015- CEE.<\/p>\n","protected":false},"author":1,"featured_media":0,"parent":0,"menu_order":0,"comment_status":"closed","ping_status":"closed","template":"","meta":{"footnotes":""},"_links":{"self":[{"href":"https:\/\/centroeducaexitus.com.br\/index.php?rest_route=\/wp\/v2\/pages\/116"}],"collection":[{"href":"https:\/\/centroeducaexitus.com.br\/index.php?rest_route=\/wp\/v2\/pages"}],"about":[{"href":"https:\/\/centroeducaexitus.com.br\/index.php?rest_route=\/wp\/v2\/types\/page"}],"author":[{"embeddable":true,"href":"https:\/\/centroeducaexitus.com.br\/index.php?rest_route=\/wp\/v2\/users\/1"}],"replies":[{"embeddable":true,"href":"https:\/\/centroeducaexitus.com.br\/index.php?rest_route=%2Fwp%2Fv2%2Fcomments&post=116"}],"version-history":[{"count":2,"href":"https:\/\/centroeducaexitus.com.br\/index.php?rest_route=\/wp\/v2\/pages\/116\/revisions"}],"predecessor-version":[{"id":359,"href":"https:\/\/centroeducaexitus.com.br\/index.php?rest_route=\/wp\/v2\/pages\/116\/revisions\/359"}],"wp:attachment":[{"href":"https:\/\/centroeducaexitus.com.br\/index.php?rest_route=%2Fwp%2Fv2%2Fmedia&parent=116"}],"curies":[{"name":"wp","href":"https:\/\/api.w.org\/{rel}","templated":true}]}}