{"id":82,"date":"2018-01-09T05:45:04","date_gmt":"2018-01-09T05:45:04","guid":{"rendered":"https:\/\/demo.axlethemes.com\/education-mind-pro\/?page_id=82"},"modified":"2018-10-22T11:01:19","modified_gmt":"2018-10-22T13:01:19","slug":"introduction","status":"publish","type":"page","link":"https:\/\/centroeducaexitus.com.br\/?page_id=82","title":{"rendered":"Centro Educacional Exitus"},"content":{"rendered":"<p>O Centro Educacional Exitus oferece Educa\u00e7\u00e3o B\u00e1sica nos n\u00edveis Educa\u00e7\u00e3o Infantil, Ensino Fundamental Regular 1 ao 9 ano e Ensino M\u00e9dio, com base na lei 9.394\/96. Est\u00e1 situado na rua da mangueira 143 centro S\u00e3o Mateus do Maranh\u00e3o. Nossa miss\u00e3o \u00e9 oferecer aos educandos o acesso ao conhecimento cr\u00edtico da linguagem escrita e falada, aos conceitos b\u00e1sicos que compete aos n\u00edveis de ensino citados, de acordo com a lei 9.394\/96, sobretudo a forma\u00e7\u00e3o para o exerc\u00edcio pleno da cidadania.<\/p>\n","protected":false},"excerpt":{"rendered":"<p>O Centro Educacional Exitus oferece Educa\u00e7\u00e3o B\u00e1sica nos n\u00edveis Educa\u00e7\u00e3o Infantil, Ensino Fundamental Regular 1 ao 9 ano e Ensino M\u00e9dio, com base na lei 9.394\/96. Est\u00e1 situado na rua da mangueira 143 centro S\u00e3o Mateus do Maranh\u00e3o. Nossa miss\u00e3o&hellip;&nbsp;<a href=\"https:\/\/centroeducaexitus.com.br\/?page_id=82\" class=\"more-link\">Read More<\/a><\/p>\n","protected":false},"author":1,"featured_media":332,"parent":0,"menu_order":0,"comment_status":"closed","ping_status":"closed","template":"","meta":{"footnotes":""},"_links":{"self":[{"href":"https:\/\/centroeducaexitus.com.br\/index.php?rest_route=\/wp\/v2\/pages\/82"}],"collection":[{"href":"https:\/\/centroeducaexitus.com.br\/index.php?rest_route=\/wp\/v2\/pages"}],"about":[{"href":"https:\/\/centroeducaexitus.com.br\/index.php?rest_route=\/wp\/v2\/types\/page"}],"author":[{"embeddable":true,"href":"https:\/\/centroeducaexitus.com.br\/index.php?rest_route=\/wp\/v2\/users\/1"}],"replies":[{"embeddable":true,"href":"https:\/\/centroeducaexitus.com.br\/index.php?rest_route=%2Fwp%2Fv2%2Fcomments&post=82"}],"version-history":[{"count":3,"href":"https:\/\/centroeducaexitus.com.br\/index.php?rest_route=\/wp\/v2\/pages\/82\/revisions"}],"predecessor-version":[{"id":355,"href":"https:\/\/centroeducaexitus.com.br\/index.php?rest_route=\/wp\/v2\/pages\/82\/revisions\/355"}],"wp:featuredmedia":[{"embeddable":true,"href":"https:\/\/centroeducaexitus.com.br\/index.php?rest_route=\/wp\/v2\/media\/332"}],"wp:attachment":[{"href":"https:\/\/centroeducaexitus.com.br\/index.php?rest_route=%2Fwp%2Fv2%2Fmedia&parent=82"}],"curies":[{"name":"wp","href":"https:\/\/api.w.org\/{rel}","templated":true}]}}