{"id":9,"date":"2018-01-08T14:59:22","date_gmt":"2018-01-08T14:59:22","guid":{"rendered":"https:\/\/demo.axlethemes.com\/education-mind-pro\/?page_id=9"},"modified":"2018-10-10T17:12:37","modified_gmt":"2018-10-10T20:12:37","slug":"news-events","status":"publish","type":"page","link":"https:\/\/centroeducaexitus.com.br\/?page_id=9","title":{"rendered":"Matr\u00edculas Exitus"},"content":{"rendered":"<p>Em constru\u00e7\u00e3o<\/p>\n","protected":false},"excerpt":{"rendered":"<p>Em constru\u00e7\u00e3o<\/p>\n","protected":false},"author":1,"featured_media":0,"parent":0,"menu_order":0,"comment_status":"closed","ping_status":"closed","template":"","meta":{"footnotes":""},"_links":{"self":[{"href":"https:\/\/centroeducaexitus.com.br\/index.php?rest_route=\/wp\/v2\/pages\/9"}],"collection":[{"href":"https:\/\/centroeducaexitus.com.br\/index.php?rest_route=\/wp\/v2\/pages"}],"about":[{"href":"https:\/\/centroeducaexitus.com.br\/index.php?rest_route=\/wp\/v2\/types\/page"}],"author":[{"embeddable":true,"href":"https:\/\/centroeducaexitus.com.br\/index.php?rest_route=\/wp\/v2\/users\/1"}],"replies":[{"embeddable":true,"href":"https:\/\/centroeducaexitus.com.br\/index.php?rest_route=%2Fwp%2Fv2%2Fcomments&post=9"}],"version-history":[{"count":1,"href":"https:\/\/centroeducaexitus.com.br\/index.php?rest_route=\/wp\/v2\/pages\/9\/revisions"}],"predecessor-version":[{"id":327,"href":"https:\/\/centroeducaexitus.com.br\/index.php?rest_route=\/wp\/v2\/pages\/9\/revisions\/327"}],"wp:attachment":[{"href":"https:\/\/centroeducaexitus.com.br\/index.php?rest_route=%2Fwp%2Fv2%2Fmedia&parent=9"}],"curies":[{"name":"wp","href":"https:\/\/api.w.org\/{rel}","templated":true}]}}