{"id":95,"date":"2018-01-09T05:52:42","date_gmt":"2018-01-09T05:52:42","guid":{"rendered":"https:\/\/demo.axlethemes.com\/education-mind-pro\/?page_id=95"},"modified":"2018-10-10T17:14:52","modified_gmt":"2018-10-10T20:14:52","slug":"our-mission-and-culture","status":"publish","type":"page","link":"https:\/\/centroeducaexitus.com.br\/?page_id=95","title":{"rendered":"Nossa Vis\u00e3o"},"content":{"rendered":"<p>Ser uma Escola de refer\u00eancia a n\u00edvel local e nacional pelo sucesso acad\u00eamico e profissional dos seus alunos, pela qualidade do seu ambiente interno e rela\u00e7\u00f5es externas e pelo elevado grau de satisfa\u00e7\u00e3o das fam\u00edlias.<\/p>\n","protected":false},"excerpt":{"rendered":"<p>Ser uma Escola de refer\u00eancia a n\u00edvel local e nacional pelo sucesso acad\u00eamico e profissional dos seus alunos, pela qualidade do seu ambiente interno e rela\u00e7\u00f5es externas e pelo elevado grau de satisfa\u00e7\u00e3o das fam\u00edlias.<\/p>\n","protected":false},"author":1,"featured_media":0,"parent":0,"menu_order":0,"comment_status":"closed","ping_status":"closed","template":"","meta":{"footnotes":""},"_links":{"self":[{"href":"https:\/\/centroeducaexitus.com.br\/index.php?rest_route=\/wp\/v2\/pages\/95"}],"collection":[{"href":"https:\/\/centroeducaexitus.com.br\/index.php?rest_route=\/wp\/v2\/pages"}],"about":[{"href":"https:\/\/centroeducaexitus.com.br\/index.php?rest_route=\/wp\/v2\/types\/page"}],"author":[{"embeddable":true,"href":"https:\/\/centroeducaexitus.com.br\/index.php?rest_route=\/wp\/v2\/users\/1"}],"replies":[{"embeddable":true,"href":"https:\/\/centroeducaexitus.com.br\/index.php?rest_route=%2Fwp%2Fv2%2Fcomments&post=95"}],"version-history":[{"count":1,"href":"https:\/\/centroeducaexitus.com.br\/index.php?rest_route=\/wp\/v2\/pages\/95\/revisions"}],"predecessor-version":[{"id":329,"href":"https:\/\/centroeducaexitus.com.br\/index.php?rest_route=\/wp\/v2\/pages\/95\/revisions\/329"}],"wp:attachment":[{"href":"https:\/\/centroeducaexitus.com.br\/index.php?rest_route=%2Fwp%2Fv2%2Fmedia&parent=95"}],"curies":[{"name":"wp","href":"https:\/\/api.w.org\/{rel}","templated":true}]}}