{"id":96,"date":"2018-01-09T05:46:19","date_gmt":"2018-01-09T05:46:19","guid":{"rendered":"https:\/\/demo.axlethemes.com\/education-mind-pro\/?page_id=96"},"modified":"2018-10-10T17:14:08","modified_gmt":"2018-10-10T20:14:08","slug":"our-vision","status":"publish","type":"page","link":"https:\/\/centroeducaexitus.com.br\/?page_id=96","title":{"rendered":"Nossa Miss\u00e3o"},"content":{"rendered":"<p>Prestar \u00e0 comunidade um servi\u00e7o educativo de excel\u00eancia contribuindo para a forma\u00e7\u00e3o de cidad\u00e3os cr\u00edticos e conscientes dos seus deveres e direitos, capazes de atuar como agentes de mudan\u00e7a, num ambiente participativo, aberto e integrador, numa Escola reconhecida pelo seu humanismo e por elevados padr\u00f5es de exig\u00eancia e responsabilidade, que valoriza o conhecimento, como condi\u00e7\u00e3o de acesso ao mundo do trabalho e ao prosseguimento de estudos.<\/p>\n","protected":false},"excerpt":{"rendered":"<p>Prestar \u00e0 comunidade um servi\u00e7o educativo de excel\u00eancia contribuindo para a forma\u00e7\u00e3o de cidad\u00e3os cr\u00edticos e conscientes dos seus deveres e direitos, capazes de atuar como agentes de mudan\u00e7a, num ambiente participativo, aberto e integrador, numa Escola reconhecida pelo seu&hellip;&nbsp;<a href=\"https:\/\/centroeducaexitus.com.br\/?page_id=96\" class=\"more-link\">Read More<\/a><\/p>\n","protected":false},"author":1,"featured_media":0,"parent":0,"menu_order":0,"comment_status":"closed","ping_status":"closed","template":"","meta":{"footnotes":""},"_links":{"self":[{"href":"https:\/\/centroeducaexitus.com.br\/index.php?rest_route=\/wp\/v2\/pages\/96"}],"collection":[{"href":"https:\/\/centroeducaexitus.com.br\/index.php?rest_route=\/wp\/v2\/pages"}],"about":[{"href":"https:\/\/centroeducaexitus.com.br\/index.php?rest_route=\/wp\/v2\/types\/page"}],"author":[{"embeddable":true,"href":"https:\/\/centroeducaexitus.com.br\/index.php?rest_route=\/wp\/v2\/users\/1"}],"replies":[{"embeddable":true,"href":"https:\/\/centroeducaexitus.com.br\/index.php?rest_route=%2Fwp%2Fv2%2Fcomments&post=96"}],"version-history":[{"count":1,"href":"https:\/\/centroeducaexitus.com.br\/index.php?rest_route=\/wp\/v2\/pages\/96\/revisions"}],"predecessor-version":[{"id":328,"href":"https:\/\/centroeducaexitus.com.br\/index.php?rest_route=\/wp\/v2\/pages\/96\/revisions\/328"}],"wp:attachment":[{"href":"https:\/\/centroeducaexitus.com.br\/index.php?rest_route=%2Fwp%2Fv2%2Fmedia&parent=96"}],"curies":[{"name":"wp","href":"https:\/\/api.w.org\/{rel}","templated":true}]}}